{"id":630,"date":"2023-08-16T10:44:39","date_gmt":"2023-08-16T10:44:39","guid":{"rendered":"https:\/\/martinwolf.ch\/home-2\/"},"modified":"2023-08-16T10:44:39","modified_gmt":"2023-08-16T10:44:39","slug":"home-2","status":"publish","type":"page","link":"https:\/\/martinwolf.ch\/en\/home-2\/","title":{"rendered":"HOME 2"},"content":{"rendered":"<p>[et_pb_section fb_built=&#8221;1&#8243; _builder_version=&#8221;4.20.0&#8243; _module_preset=&#8221;default&#8221; custom_padding=&#8221;0px||||false|false&#8221; global_colors_info=&#8221;{}&#8221;][et_pb_row column_structure=&#8221;1_3,2_3&#8243; _builder_version=&#8221;4.20.0&#8243; _module_preset=&#8221;default&#8221; custom_padding=&#8221;0px||||false|false&#8221; global_colors_info=&#8221;{}&#8221;][et_pb_column type=&#8221;1_3&#8243; _builder_version=&#8221;4.20.0&#8243; _module_preset=&#8221;default&#8221; global_colors_info=&#8221;{}&#8221;][et_pb_text _builder_version=&#8221;4.20.0&#8243; _module_preset=&#8221;default&#8221; header_font=&#8221;Source Sans Pro|600|||||||&#8221; header_text_align=&#8221;right&#8221; header_font_size=&#8221;34px&#8221; header_2_font=&#8221;Source Sans Pro|600|||||||&#8221; header_2_text_align=&#8221;right&#8221; header_2_text_color=&#8221;rgba(0,0,0,0.65)&#8221; header_2_font_size=&#8221;33px&#8221; custom_margin=&#8221;200px||||false|false&#8221; custom_margin_tablet=&#8221;200px||||false|false&#8221; custom_margin_phone=&#8221;20px||||false|false&#8221; custom_margin_last_edited=&#8221;on|desktop&#8221; global_colors_info=&#8221;{}&#8221;]<\/p>\n<h1>martin wolf<\/h1>\n<h2>Schauspieler<\/h2>\n<p>[\/et_pb_text][\/et_pb_column][et_pb_column type=&#8221;2_3&#8243; _builder_version=&#8221;4.20.0&#8243; _module_preset=&#8221;default&#8221; global_colors_info=&#8221;{}&#8221;][et_pb_image src=&#8221;https:\/\/martinwolf.ch\/wp-content\/uploads\/2023\/06\/Martn-Wolf.jpg&#8221; alt=&#8221;Martin Wolf&#8221; title_text=&#8221;Martin Wolf _1&#8243; _builder_version=&#8221;4.20.0&#8243; _module_preset=&#8221;default&#8221; global_colors_info=&#8221;{}&#8221;][\/et_pb_image][\/et_pb_column][\/et_pb_row][et_pb_row column_structure=&#8221;1_4,1_2,1_4&#8243; use_custom_gutter=&#8221;on&#8221; gutter_width=&#8221;2&#8243; _builder_version=&#8221;4.20.0&#8243; _module_preset=&#8221;default&#8221; custom_margin=&#8221;10px||||false|false&#8221; custom_padding=&#8221;27px||0px||false|false&#8221; global_colors_info=&#8221;{}&#8221;][et_pb_column type=&#8221;1_4&#8243; _builder_version=&#8221;4.20.0&#8243; _module_preset=&#8221;default&#8221; global_colors_info=&#8221;{}&#8221;][et_pb_image src=&#8221;https:\/\/martinwolf.ch\/wp-content\/uploads\/2023\/06\/Martin-Wolf_2.jpg&#8221; title_text=&#8221;Martin Wolf_2&#8243; _builder_version=&#8221;4.20.0&#8243; _module_preset=&#8221;default&#8221; global_colors_info=&#8221;{}&#8221;][\/et_pb_image][\/et_pb_column][et_pb_column type=&#8221;1_2&#8243; _builder_version=&#8221;4.20.0&#8243; _module_preset=&#8221;default&#8221; global_colors_info=&#8221;{}&#8221;][et_pb_image src=&#8221;https:\/\/martinwolf.ch\/wp-content\/uploads\/2023\/06\/Martin-Wolf_3sw.jpg&#8221; title_text=&#8221;Martin Wolf_3sw&#8221; _builder_version=&#8221;4.20.0&#8243; _module_preset=&#8221;default&#8221; custom_margin=&#8221;40px||||false|false&#8221; global_colors_info=&#8221;{}&#8221; src__hover_enabled=&#8221;on|hover&#8221; src__hover=&#8221;https:\/\/martinwolf.ch\/wp-content\/uploads\/2023\/06\/Martin-Wolf_3.jpg&#8221;][\/et_pb_image][\/et_pb_column][et_pb_column type=&#8221;1_4&#8243; _builder_version=&#8221;4.20.0&#8243; _module_preset=&#8221;default&#8221; global_colors_info=&#8221;{}&#8221;][et_pb_text _builder_version=&#8221;4.21.0&#8243; _module_preset=&#8221;default&#8221; text_font=&#8221;Source Sans Pro||||||||&#8221; text_text_color=&#8221;#000000&#8243; text_font_size=&#8221;17px&#8221; custom_padding=&#8221;||||false|false&#8221; global_colors_info=&#8221;{}&#8221;]<\/p>\n<p>Ich bin Martin Wolf, ein Stadtz\u00fcrcher, in Z\u00fcrich aufgewachsen.<\/p>\n<p>Ein aufmerksamer Mensch, ich nehme viel wahr, werde von Vielem inspiriert, vor allem von Leuten um mich herum, arbeite gerne im Team.<\/p>\n<p>Lust am Leben, mich immer wieder neu entdecken. Auch wenn ich im t\u00e4glichen Leben positiv eingestellt bin, so mache ich manchmal gerne b\u00f6se, ernste, entt\u00e4uschte und traurige Gesichter. Geschichten erz\u00e4hlen, Gesichter dazu machen &#8211; das gef\u00e4llt mir sehr.<\/p>\n<p>Ich m\u00f6chte nicht nur Statist sein &#8211; auch Nebenrollen, kleinere Sprechrollen interessieren mich.<\/p>\n<p>[\/et_pb_text][\/et_pb_column][\/et_pb_row][et_pb_row _builder_version=&#8221;4.21.0&#8243; _module_preset=&#8221;default&#8221; custom_padding=&#8221;||0px||false|false&#8221; global_colors_info=&#8221;{}&#8221;][et_pb_column type=&#8221;4_4&#8243; _builder_version=&#8221;4.21.0&#8243; _module_preset=&#8221;default&#8221; global_colors_info=&#8221;{}&#8221;][et_pb_text _builder_version=&#8221;4.21.0&#8243; _module_preset=&#8221;default&#8221; text_font=&#8221;Source Sans Pro||||||||&#8221; text_text_color=&#8221;#000000&#8243; text_font_size=&#8221;17px&#8221; header_3_font=&#8221;Source Sans Pro|600|||||||&#8221; header_3_text_align=&#8221;center&#8221; header_3_text_color=&#8221;#000000&#8243; header_3_font_size=&#8221;30px&#8221; text_orientation=&#8221;right&#8221; custom_margin_tablet=&#8221;&#8221; custom_margin_phone=&#8221;&#8221; custom_margin_last_edited=&#8221;on|phone&#8221; global_colors_info=&#8221;{}&#8221;]<\/p>\n<h3>aktuell<\/h3>\n<p>[\/et_pb_text][\/et_pb_column][\/et_pb_row][et_pb_row column_structure=&#8221;1_2,1_2&#8243; _builder_version=&#8221;4.21.0&#8243; _module_preset=&#8221;default&#8221; hover_enabled=&#8221;0&#8243; global_colors_info=&#8221;{}&#8221; custom_padding=&#8221;||50px||false|false&#8221; sticky_enabled=&#8221;0&#8243;][et_pb_column type=&#8221;1_2&#8243; _builder_version=&#8221;4.21.0&#8243; _module_preset=&#8221;default&#8221; global_colors_info=&#8221;{}&#8221;][et_pb_text _builder_version=&#8221;4.21.0&#8243; _module_preset=&#8221;default&#8221; text_font=&#8221;Source Sans Pro||||||||&#8221; text_text_color=&#8221;#000000&#8243; text_font_size=&#8221;17px&#8221; header_3_font=&#8221;Source Sans Pro|600|||||||&#8221; header_3_text_align=&#8221;right&#8221; header_3_text_color=&#8221;#000000&#8243; header_3_font_size=&#8221;26px&#8221; text_orientation=&#8221;right&#8221; custom_margin_tablet=&#8221;&#8221; custom_margin_phone=&#8221;&#8221; custom_margin_last_edited=&#8221;on|phone&#8221; text_orientation_tablet=&#8221;right&#8221; text_orientation_phone=&#8221;left&#8221; text_orientation_last_edited=&#8221;on|desktop&#8221; global_colors_info=&#8221;{}&#8221;]<\/p>\n<p>Ab 7. September in den Schweizer Kinos:<\/p>\n<p><strong>Les histoires d\u2019amour de Liv S.<\/strong><br \/>Die Liebesgeschichten der Liv S.<br \/>Eine Liebestragikom\u00f6die \u2013 <br \/>Fiction, von Anna Luif<\/p>\n<p>https:\/\/beauvoirfilms.ch<br \/>https:\/\/www.swissfilms.ch\/de\/movie\/les-histoires-d-amour-de-liv-s\/<\/p>\n<p>Statistenrolle: <br \/><strong>Gast bei der Hochzeit von Emma<\/strong><\/p>\n<p>[\/et_pb_text][\/et_pb_column][et_pb_column type=&#8221;1_2&#8243; _builder_version=&#8221;4.21.0&#8243; _module_preset=&#8221;default&#8221; global_colors_info=&#8221;{}&#8221;][et_pb_image src=&#8221;https:\/\/martinwolf.ch\/wp-content\/uploads\/2023\/06\/Martin-Wolf_Lhistoire-de-lamour-de-Liv-Sjpg.jpg&#8221; title_text=&#8221;Martin Wolf_L\u2019histoire de l\u2019amour de Liv Sjpg&#8221; align_tablet=&#8221;right&#8221; align_phone=&#8221;right&#8221; align_last_edited=&#8221;on|desktop&#8221; _builder_version=&#8221;4.21.0&#8243; _module_preset=&#8221;default&#8221; width=&#8221;60%&#8221; width_tablet=&#8221;60%&#8221; width_phone=&#8221;100%&#8221; width_last_edited=&#8221;on|desktop&#8221; module_alignment=&#8221;left&#8221; custom_margin_tablet=&#8221;&#8221; custom_margin_phone=&#8221;||50px||false|false&#8221; custom_margin_last_edited=&#8221;on|phone&#8221; custom_padding_tablet=&#8221;&#8221; custom_padding_phone=&#8221;&#8221; custom_padding_last_edited=&#8221;on|phone&#8221; hover_enabled=&#8221;0&#8243; module_alignment_tablet=&#8221;right&#8221; module_alignment_phone=&#8221;right&#8221; module_alignment_last_edited=&#8221;on|desktop&#8221; global_colors_info=&#8221;{}&#8221; src__hover_enabled=&#8221;on|desktop&#8221; src__hover=&#8221;&#8221; sticky_enabled=&#8221;0&#8243;][\/et_pb_image][\/et_pb_column][\/et_pb_row][et_pb_row column_structure=&#8221;1_2,1_2&#8243; _builder_version=&#8221;4.21.0&#8243; _module_preset=&#8221;default&#8221; hover_enabled=&#8221;0&#8243; global_colors_info=&#8221;{}&#8221; sticky_enabled=&#8221;0&#8243;][et_pb_column type=&#8221;1_2&#8243; _builder_version=&#8221;4.21.0&#8243; _module_preset=&#8221;default&#8221; global_colors_info=&#8221;{}&#8221;][et_pb_text _builder_version=&#8221;4.21.0&#8243; _module_preset=&#8221;default&#8221; text_font=&#8221;Source Sans Pro||||||||&#8221; text_text_color=&#8221;#000000&#8243; text_font_size=&#8221;17px&#8221; header_3_font=&#8221;Source Sans Pro|600|||||||&#8221; header_3_text_align=&#8221;right&#8221; header_3_text_color=&#8221;#000000&#8243; header_3_font_size=&#8221;26px&#8221; custom_margin_tablet=&#8221;&#8221; custom_margin_phone=&#8221;&#8221; custom_margin_last_edited=&#8221;on|phone&#8221; hover_enabled=&#8221;0&#8243; global_colors_info=&#8221;{}&#8221; text_orientation=&#8221;right&#8221; sticky_enabled=&#8221;0&#8243;]Ab 28. September in den Kinos von Italien:<br \/>\n(Release in der Schweiz noch nicht bekannt)<\/p>\n<p><strong>The Palace<\/strong><br \/>\nSchwarze Kom\u00f6die &#8211; von Roman Polanski<\/p>\n<p>https:\/\/www.imdb.com\/title\/tt14549270\/<br \/>\nhttps:\/\/en.wikipedia.org\/wiki\/The_Palace_(2023_film)<\/p>\n<p>Statistenrolle:<br \/>\n<strong>Partygast am Sylvesterabend<\/strong>[\/et_pb_text][\/et_pb_column][et_pb_column type=&#8221;1_2&#8243; _builder_version=&#8221;4.21.0&#8243; _module_preset=&#8221;default&#8221; global_colors_info=&#8221;{}&#8221;][et_pb_image src=&#8221;https:\/\/martinwolf.ch\/wp-content\/uploads\/2023\/08\/The-Palace_Martin-Wolf.jpg&#8221; title_text=&#8221;The Palace_Martin Wolf&#8221; _builder_version=&#8221;4.21.0&#8243; _module_preset=&#8221;default&#8221; width=&#8221;60%&#8221; width_tablet=&#8221;60%&#8221; width_phone=&#8221;100%&#8221; width_last_edited=&#8221;on|phone&#8221; module_alignment=&#8221;left&#8221; custom_margin_tablet=&#8221;&#8221; custom_margin_phone=&#8221;&#8221; custom_margin_last_edited=&#8221;on|phone&#8221; global_colors_info=&#8221;{}&#8221; src__hover_enabled=&#8221;on|desktop&#8221; src__hover=&#8221;&#8221;][\/et_pb_image][\/et_pb_column][\/et_pb_row][\/et_pb_section]<\/p>\n","protected":false},"excerpt":{"rendered":"<p>martin wolf SchauspielerIch bin Martin Wolf, ein Stadtz\u00fcrcher, in Z\u00fcrich aufgewachsen. Ein aufmerksamer Mensch, ich nehme viel wahr, werde von Vielem inspiriert, vor allem von Leuten um mich herum, arbeite gerne im Team. Lust am Leben, mich immer wieder neu entdecken. Auch wenn ich im t\u00e4glichen Leben positiv eingestellt bin, so mache ich manchmal gerne [&hellip;]<\/p>\n","protected":false},"author":1,"featured_media":0,"parent":0,"menu_order":0,"comment_status":"closed","ping_status":"closed","template":"","meta":{"_et_pb_use_builder":"on","_et_pb_old_content":"","_et_gb_content_width":"","footnotes":""},"class_list":["post-630","page","type-page","status-publish","hentry"],"yoast_head":"<!-- This site is optimized with the Yoast SEO plugin v27.3 - https:\/\/yoast.com\/product\/yoast-seo-wordpress\/ -->\n<title>HOME 2 - Martin Wolf<\/title>\n<meta name=\"robots\" content=\"index, follow, max-snippet:-1, max-image-preview:large, max-video-preview:-1\" \/>\n<link rel=\"canonical\" href=\"https:\/\/martinwolf.ch\/home-2\/\" \/>\n<meta property=\"og:locale\" content=\"en_US\" \/>\n<meta property=\"og:type\" content=\"article\" \/>\n<meta property=\"og:title\" content=\"HOME 2 - Martin Wolf\" \/>\n<meta property=\"og:description\" content=\"martin wolf SchauspielerIch bin Martin Wolf, ein Stadtz\u00fcrcher, in Z\u00fcrich aufgewachsen. Ein aufmerksamer Mensch, ich nehme viel wahr, werde von Vielem inspiriert, vor allem von Leuten um mich herum, arbeite gerne im Team. Lust am Leben, mich immer wieder neu entdecken. Auch wenn ich im t\u00e4glichen Leben positiv eingestellt bin, so mache ich manchmal gerne [&hellip;]\" \/>\n<meta property=\"og:url\" content=\"https:\/\/martinwolf.ch\/home-2\/\" \/>\n<meta property=\"og:site_name\" content=\"Martin Wolf\" \/>\n<meta name=\"twitter:card\" content=\"summary_large_image\" \/>\n<meta name=\"twitter:label1\" content=\"Est. reading time\" \/>\n\t<meta name=\"twitter:data1\" content=\"5 minutes\" \/>\n<script type=\"application\/ld+json\" class=\"yoast-schema-graph\">{\"@context\":\"https:\\\/\\\/schema.org\",\"@graph\":[{\"@type\":\"WebPage\",\"@id\":\"https:\\\/\\\/martinwolf.ch\\\/home-2\\\/\",\"url\":\"https:\\\/\\\/martinwolf.ch\\\/home-2\\\/\",\"name\":\"HOME 2 - Martin Wolf\",\"isPartOf\":{\"@id\":\"https:\\\/\\\/martinwolf.ch\\\/en\\\/#website\"},\"datePublished\":\"2023-08-16T10:44:39+00:00\",\"breadcrumb\":{\"@id\":\"https:\\\/\\\/martinwolf.ch\\\/home-2\\\/#breadcrumb\"},\"inLanguage\":\"en-US\",\"potentialAction\":[{\"@type\":\"ReadAction\",\"target\":[\"https:\\\/\\\/martinwolf.ch\\\/home-2\\\/\"]}]},{\"@type\":\"BreadcrumbList\",\"@id\":\"https:\\\/\\\/martinwolf.ch\\\/home-2\\\/#breadcrumb\",\"itemListElement\":[{\"@type\":\"ListItem\",\"position\":1,\"name\":\"Startseite\",\"item\":\"https:\\\/\\\/martinwolf.ch\\\/en\\\/\"},{\"@type\":\"ListItem\",\"position\":2,\"name\":\"HOME 2\"}]},{\"@type\":\"WebSite\",\"@id\":\"https:\\\/\\\/martinwolf.ch\\\/en\\\/#website\",\"url\":\"https:\\\/\\\/martinwolf.ch\\\/en\\\/\",\"name\":\"Martin Wolf\",\"description\":\"Schauspieler\",\"potentialAction\":[{\"@type\":\"SearchAction\",\"target\":{\"@type\":\"EntryPoint\",\"urlTemplate\":\"https:\\\/\\\/martinwolf.ch\\\/en\\\/?s={search_term_string}\"},\"query-input\":{\"@type\":\"PropertyValueSpecification\",\"valueRequired\":true,\"valueName\":\"search_term_string\"}}],\"inLanguage\":\"en-US\"}]}<\/script>\n<!-- \/ Yoast SEO plugin. -->","yoast_head_json":{"title":"HOME 2 - Martin Wolf","robots":{"index":"index","follow":"follow","max-snippet":"max-snippet:-1","max-image-preview":"max-image-preview:large","max-video-preview":"max-video-preview:-1"},"canonical":"https:\/\/martinwolf.ch\/home-2\/","og_locale":"en_US","og_type":"article","og_title":"HOME 2 - Martin Wolf","og_description":"martin wolf SchauspielerIch bin Martin Wolf, ein Stadtz\u00fcrcher, in Z\u00fcrich aufgewachsen. Ein aufmerksamer Mensch, ich nehme viel wahr, werde von Vielem inspiriert, vor allem von Leuten um mich herum, arbeite gerne im Team. Lust am Leben, mich immer wieder neu entdecken. Auch wenn ich im t\u00e4glichen Leben positiv eingestellt bin, so mache ich manchmal gerne [&hellip;]","og_url":"https:\/\/martinwolf.ch\/home-2\/","og_site_name":"Martin Wolf","twitter_card":"summary_large_image","twitter_misc":{"Est. reading time":"5 minutes"},"schema":{"@context":"https:\/\/schema.org","@graph":[{"@type":"WebPage","@id":"https:\/\/martinwolf.ch\/home-2\/","url":"https:\/\/martinwolf.ch\/home-2\/","name":"HOME 2 - Martin Wolf","isPartOf":{"@id":"https:\/\/martinwolf.ch\/en\/#website"},"datePublished":"2023-08-16T10:44:39+00:00","breadcrumb":{"@id":"https:\/\/martinwolf.ch\/home-2\/#breadcrumb"},"inLanguage":"en-US","potentialAction":[{"@type":"ReadAction","target":["https:\/\/martinwolf.ch\/home-2\/"]}]},{"@type":"BreadcrumbList","@id":"https:\/\/martinwolf.ch\/home-2\/#breadcrumb","itemListElement":[{"@type":"ListItem","position":1,"name":"Startseite","item":"https:\/\/martinwolf.ch\/en\/"},{"@type":"ListItem","position":2,"name":"HOME 2"}]},{"@type":"WebSite","@id":"https:\/\/martinwolf.ch\/en\/#website","url":"https:\/\/martinwolf.ch\/en\/","name":"Martin Wolf","description":"Schauspieler","potentialAction":[{"@type":"SearchAction","target":{"@type":"EntryPoint","urlTemplate":"https:\/\/martinwolf.ch\/en\/?s={search_term_string}"},"query-input":{"@type":"PropertyValueSpecification","valueRequired":true,"valueName":"search_term_string"}}],"inLanguage":"en-US"}]}},"_links":{"self":[{"href":"https:\/\/martinwolf.ch\/en\/wp-json\/wp\/v2\/pages\/630","targetHints":{"allow":["GET"]}}],"collection":[{"href":"https:\/\/martinwolf.ch\/en\/wp-json\/wp\/v2\/pages"}],"about":[{"href":"https:\/\/martinwolf.ch\/en\/wp-json\/wp\/v2\/types\/page"}],"author":[{"embeddable":true,"href":"https:\/\/martinwolf.ch\/en\/wp-json\/wp\/v2\/users\/1"}],"replies":[{"embeddable":true,"href":"https:\/\/martinwolf.ch\/en\/wp-json\/wp\/v2\/comments?post=630"}],"version-history":[{"count":0,"href":"https:\/\/martinwolf.ch\/en\/wp-json\/wp\/v2\/pages\/630\/revisions"}],"wp:attachment":[{"href":"https:\/\/martinwolf.ch\/en\/wp-json\/wp\/v2\/media?parent=630"}],"curies":[{"name":"wp","href":"https:\/\/api.w.org\/{rel}","templated":true}]}}