{"id":544,"date":"2023-06-15T15:33:55","date_gmt":"2023-06-15T15:33:55","guid":{"rendered":"https:\/\/martinwolf.ch\/vita\/"},"modified":"2026-03-22T21:22:03","modified_gmt":"2026-03-22T21:22:03","slug":"vita","status":"publish","type":"page","link":"https:\/\/martinwolf.ch\/en\/vita\/","title":{"rendered":"VITA"},"content":{"rendered":"<p>[et_pb_section fb_built=&#8221;1&#8243; _builder_version=&#8221;4.27.0&#8243; _module_preset=&#8221;default&#8221; custom_padding=&#8221;0px||||false|false&#8221; global_colors_info=&#8221;{}&#8221;][et_pb_row column_structure=&#8221;1_3,2_3&#8243; _builder_version=&#8221;4.20.0&#8243; _module_preset=&#8221;default&#8221; custom_padding=&#8221;0px||||false|false&#8221; global_colors_info=&#8221;{}&#8221;][et_pb_column type=&#8221;1_3&#8243; _builder_version=&#8221;4.20.0&#8243; _module_preset=&#8221;default&#8221; global_colors_info=&#8221;{}&#8221;][et_pb_text _builder_version=&#8221;4.20.0&#8243; _module_preset=&#8221;default&#8221; header_font=&#8221;Source Sans Pro|600|||||||&#8221; header_text_align=&#8221;right&#8221; header_font_size=&#8221;34px&#8221; header_2_font=&#8221;Source Sans Pro|600|||||||&#8221; header_2_text_align=&#8221;right&#8221; header_2_text_color=&#8221;rgba(0,0,0,0.65)&#8221; header_2_font_size=&#8221;33px&#8221; custom_margin=&#8221;200px||||false|false&#8221; custom_margin_tablet=&#8221;200px||||false|false&#8221; custom_margin_phone=&#8221;20px||||false|false&#8221; custom_margin_last_edited=&#8221;on|phone&#8221; global_colors_info=&#8221;{}&#8221;]<\/p>\n<h1>martin wolf<\/h1>\n<h2><\/h2>\n<h2>actor<\/h2>\n<p>[\/et_pb_text][\/et_pb_column][et_pb_column type=&#8221;2_3&#8243; _builder_version=&#8221;4.20.0&#8243; _module_preset=&#8221;default&#8221; global_colors_info=&#8221;{}&#8221;][et_pb_image src=&#8221;https:\/\/martinwolf.ch\/wp-content\/uploads\/2023\/06\/Martn-Wolf.jpg&#8221; alt=&#8221;Martin Wolf&#8221; title_text=&#8221;Martin Wolf _1&#8243; _builder_version=&#8221;4.20.0&#8243; _module_preset=&#8221;default&#8221; global_colors_info=&#8221;{}&#8221;][\/et_pb_image][\/et_pb_column][\/et_pb_row][et_pb_row column_structure=&#8221;1_3,2_3&#8243; _builder_version=&#8221;4.20.0&#8243; _module_preset=&#8221;default&#8221; custom_margin=&#8221;40px||||false|false&#8221; custom_margin_tablet=&#8221;40px||||false|false&#8221; custom_margin_phone=&#8221;0px||||false|false&#8221; custom_margin_last_edited=&#8221;on|phone&#8221; global_colors_info=&#8221;{}&#8221;][et_pb_column type=&#8221;1_3&#8243; _builder_version=&#8221;4.20.0&#8243; _module_preset=&#8221;default&#8221; global_colors_info=&#8221;{}&#8221;][\/et_pb_column][et_pb_column type=&#8221;2_3&#8243; _builder_version=&#8221;4.20.0&#8243; _module_preset=&#8221;default&#8221; global_colors_info=&#8221;{}&#8221;][et_pb_text _builder_version=&#8221;4.27.4&#8243; _module_preset=&#8221;default&#8221; text_font=&#8221;Source Sans Pro||||||||&#8221; text_text_color=&#8221;#000000&#8243; text_font_size=&#8221;17px&#8221; link_text_color=&#8221;#000000&#8243; link_text_color_tablet=&#8221;#000000&#8243; link_text_color_phone=&#8221;#000000&#8243; link_text_color_last_edited=&#8221;on|tablet&#8221; global_colors_info=&#8221;{}&#8221;]<\/p>\n<p><strong>mail[at]martinwolf.ch<\/strong><br \/>residence: Z\u00fcrich<\/p>\n<p>[\/et_pb_text][et_pb_text _builder_version=&#8221;4.27.5&#8243; _module_preset=&#8221;default&#8221; text_font=&#8221;Source Sans Pro||||||||&#8221; text_text_color=&#8221;#000000&#8243; text_font_size=&#8221;17px&#8221; header_2_font=&#8221;Source Sans Pro|600|||||||&#8221; header_2_text_color=&#8221;rgba(0,0,0,0.65)&#8221; header_2_font_size=&#8221;27px&#8221; header_3_font=&#8221;Source Sans Pro|600|||||||&#8221; header_3_text_color=&#8221;rgba(0,0,0,0.65)&#8221; header_3_font_size=&#8221;27px&#8221; hover_enabled=&#8221;0&#8243; global_colors_info=&#8221;{}&#8221; sticky_enabled=&#8221;0&#8243;]<\/p>\n<p>&gt;&gt; <a href=\"https:\/\/martinwolf.ch\/wp-content\/uploads\/2026\/03\/Martin-Wolf-_-About-me-_-website-_e_v_260301.pdf\" rel=\"attachment wp-att-1953\">Download CV<\/a><a href=\"https:\/\/martinwolf.ch\/wp-content\/uploads\/2025\/12\/Martin-Wolf-_-About-me-_-website-_e_v_251124.pdf\" rel=\"attachment wp-att-1836\"><\/a>\u00a0&lt;&lt;<\/p>\n<p>[\/et_pb_text][et_pb_text _builder_version=&#8221;4.20.0&#8243; _module_preset=&#8221;default&#8221; text_font=&#8221;Source Sans Pro||||||||&#8221; text_text_color=&#8221;#000000&#8243; text_font_size=&#8221;17px&#8221; custom_margin=&#8221;30px||30px||false|false&#8221; custom_margin_tablet=&#8221;70px||30px||false|false&#8221; custom_margin_phone=&#8221;20px||||false|false&#8221; custom_margin_last_edited=&#8221;on|phone&#8221; global_colors_info=&#8221;{}&#8221;]<\/p>\n<p><strong>born: <\/strong> 10.07.1953 in Z\u00fcrich, schools and state college in Z\u00fcrich<\/p>\n<p>various jobs, also abroad, mostly marketing<br \/>having lived seven years outside of Switzerland (Australia, Canada, England, France, USA)<br \/>in the 80\u2019s having been playing Calypso music (steeldrum)<br \/>since the past 10 years enthused Lindy-Hop and Balboa dancer (Swing Jazz)<\/p>\n<p><strong>167 cm<\/strong><br \/><strong>68 kg<\/strong><\/p>\n<p><strong>languages: <\/strong><br \/>Schwyzerd\u00fctsch (Z\u00fcrid\u00fctsch), German, English,<br \/>a bit of French and a little Italian<\/p>\n<p style=\"font-weight: 400;\"><strong>education:<br \/><\/strong><span>since February 2024 at the Stage Art Musical &amp; Theatre School (SAMTS) in Adliswil, Z\u00fcrich, training to become an actor<\/span><\/p>\n<p>&nbsp;<\/p>\n<p>&nbsp;<\/p>\n<p>[\/et_pb_text][\/et_pb_column][\/et_pb_row][\/et_pb_section]<\/p>\n","protected":false},"excerpt":{"rendered":"<p>martin wolf actormail[at]martinwolf.chresidence: Z\u00fcrich&gt;&gt; Download CV\u00a0&lt;&lt;born: 10.07.1953 in Z\u00fcrich, schools and state college in Z\u00fcrich various jobs, also abroad, mostly marketinghaving lived seven years outside of Switzerland (Australia, Canada, England, France, USA)in the 80\u2019s having been playing Calypso music (steeldrum)since the past 10 years enthused Lindy-Hop and Balboa dancer (Swing Jazz) 167 cm68 kg languages: [&hellip;]<\/p>\n","protected":false},"author":1,"featured_media":0,"parent":0,"menu_order":0,"comment_status":"closed","ping_status":"closed","template":"","meta":{"_et_pb_use_builder":"on","_et_pb_old_content":"","_et_gb_content_width":"","footnotes":""},"class_list":["post-544","page","type-page","status-publish","hentry"],"yoast_head":"<!-- This site is optimized with the Yoast SEO plugin v27.3 - https:\/\/yoast.com\/product\/yoast-seo-wordpress\/ -->\n<title>VITA - Martin Wolf<\/title>\n<meta name=\"robots\" content=\"index, follow, max-snippet:-1, max-image-preview:large, max-video-preview:-1\" \/>\n<link rel=\"canonical\" href=\"https:\/\/martinwolf.ch\/en\/vita\/\" \/>\n<meta property=\"og:locale\" content=\"en_US\" \/>\n<meta property=\"og:type\" content=\"article\" \/>\n<meta property=\"og:title\" content=\"VITA - Martin Wolf\" \/>\n<meta property=\"og:description\" content=\"martin wolf actormail[at]martinwolf.chresidence: Z\u00fcrich&gt;&gt; Download CV\u00a0&lt;&lt;born: 10.07.1953 in Z\u00fcrich, schools and state college in Z\u00fcrich various jobs, also abroad, mostly marketinghaving lived seven years outside of Switzerland (Australia, Canada, England, France, USA)in the 80\u2019s having been playing Calypso music (steeldrum)since the past 10 years enthused Lindy-Hop and Balboa dancer (Swing Jazz) 167 cm68 kg languages: [&hellip;]\" \/>\n<meta property=\"og:url\" content=\"https:\/\/martinwolf.ch\/en\/vita\/\" \/>\n<meta property=\"og:site_name\" content=\"Martin Wolf\" \/>\n<meta property=\"article:modified_time\" content=\"2026-03-22T21:22:03+00:00\" \/>\n<meta name=\"twitter:card\" content=\"summary_large_image\" \/>\n<meta name=\"twitter:label1\" content=\"Est. reading time\" \/>\n\t<meta name=\"twitter:data1\" content=\"2 minutes\" \/>\n<script type=\"application\/ld+json\" class=\"yoast-schema-graph\">{\"@context\":\"https:\\\/\\\/schema.org\",\"@graph\":[{\"@type\":\"WebPage\",\"@id\":\"https:\\\/\\\/martinwolf.ch\\\/en\\\/vita\\\/\",\"url\":\"https:\\\/\\\/martinwolf.ch\\\/en\\\/vita\\\/\",\"name\":\"VITA - Martin Wolf\",\"isPartOf\":{\"@id\":\"https:\\\/\\\/martinwolf.ch\\\/en\\\/#website\"},\"datePublished\":\"2023-06-15T15:33:55+00:00\",\"dateModified\":\"2026-03-22T21:22:03+00:00\",\"breadcrumb\":{\"@id\":\"https:\\\/\\\/martinwolf.ch\\\/en\\\/vita\\\/#breadcrumb\"},\"inLanguage\":\"en-US\",\"potentialAction\":[{\"@type\":\"ReadAction\",\"target\":[\"https:\\\/\\\/martinwolf.ch\\\/en\\\/vita\\\/\"]}]},{\"@type\":\"BreadcrumbList\",\"@id\":\"https:\\\/\\\/martinwolf.ch\\\/en\\\/vita\\\/#breadcrumb\",\"itemListElement\":[{\"@type\":\"ListItem\",\"position\":1,\"name\":\"Startseite\",\"item\":\"https:\\\/\\\/martinwolf.ch\\\/en\\\/\"},{\"@type\":\"ListItem\",\"position\":2,\"name\":\"VITA\"}]},{\"@type\":\"WebSite\",\"@id\":\"https:\\\/\\\/martinwolf.ch\\\/en\\\/#website\",\"url\":\"https:\\\/\\\/martinwolf.ch\\\/en\\\/\",\"name\":\"Martin Wolf\",\"description\":\"Schauspieler\",\"potentialAction\":[{\"@type\":\"SearchAction\",\"target\":{\"@type\":\"EntryPoint\",\"urlTemplate\":\"https:\\\/\\\/martinwolf.ch\\\/en\\\/?s={search_term_string}\"},\"query-input\":{\"@type\":\"PropertyValueSpecification\",\"valueRequired\":true,\"valueName\":\"search_term_string\"}}],\"inLanguage\":\"en-US\"}]}<\/script>\n<!-- \/ Yoast SEO plugin. -->","yoast_head_json":{"title":"VITA - Martin Wolf","robots":{"index":"index","follow":"follow","max-snippet":"max-snippet:-1","max-image-preview":"max-image-preview:large","max-video-preview":"max-video-preview:-1"},"canonical":"https:\/\/martinwolf.ch\/en\/vita\/","og_locale":"en_US","og_type":"article","og_title":"VITA - Martin Wolf","og_description":"martin wolf actormail[at]martinwolf.chresidence: Z\u00fcrich&gt;&gt; Download CV\u00a0&lt;&lt;born: 10.07.1953 in Z\u00fcrich, schools and state college in Z\u00fcrich various jobs, also abroad, mostly marketinghaving lived seven years outside of Switzerland (Australia, Canada, England, France, USA)in the 80\u2019s having been playing Calypso music (steeldrum)since the past 10 years enthused Lindy-Hop and Balboa dancer (Swing Jazz) 167 cm68 kg languages: [&hellip;]","og_url":"https:\/\/martinwolf.ch\/en\/vita\/","og_site_name":"Martin Wolf","article_modified_time":"2026-03-22T21:22:03+00:00","twitter_card":"summary_large_image","twitter_misc":{"Est. reading time":"2 minutes"},"schema":{"@context":"https:\/\/schema.org","@graph":[{"@type":"WebPage","@id":"https:\/\/martinwolf.ch\/en\/vita\/","url":"https:\/\/martinwolf.ch\/en\/vita\/","name":"VITA - Martin Wolf","isPartOf":{"@id":"https:\/\/martinwolf.ch\/en\/#website"},"datePublished":"2023-06-15T15:33:55+00:00","dateModified":"2026-03-22T21:22:03+00:00","breadcrumb":{"@id":"https:\/\/martinwolf.ch\/en\/vita\/#breadcrumb"},"inLanguage":"en-US","potentialAction":[{"@type":"ReadAction","target":["https:\/\/martinwolf.ch\/en\/vita\/"]}]},{"@type":"BreadcrumbList","@id":"https:\/\/martinwolf.ch\/en\/vita\/#breadcrumb","itemListElement":[{"@type":"ListItem","position":1,"name":"Startseite","item":"https:\/\/martinwolf.ch\/en\/"},{"@type":"ListItem","position":2,"name":"VITA"}]},{"@type":"WebSite","@id":"https:\/\/martinwolf.ch\/en\/#website","url":"https:\/\/martinwolf.ch\/en\/","name":"Martin Wolf","description":"Schauspieler","potentialAction":[{"@type":"SearchAction","target":{"@type":"EntryPoint","urlTemplate":"https:\/\/martinwolf.ch\/en\/?s={search_term_string}"},"query-input":{"@type":"PropertyValueSpecification","valueRequired":true,"valueName":"search_term_string"}}],"inLanguage":"en-US"}]}},"_links":{"self":[{"href":"https:\/\/martinwolf.ch\/en\/wp-json\/wp\/v2\/pages\/544","targetHints":{"allow":["GET"]}}],"collection":[{"href":"https:\/\/martinwolf.ch\/en\/wp-json\/wp\/v2\/pages"}],"about":[{"href":"https:\/\/martinwolf.ch\/en\/wp-json\/wp\/v2\/types\/page"}],"author":[{"embeddable":true,"href":"https:\/\/martinwolf.ch\/en\/wp-json\/wp\/v2\/users\/1"}],"replies":[{"embeddable":true,"href":"https:\/\/martinwolf.ch\/en\/wp-json\/wp\/v2\/comments?post=544"}],"version-history":[{"count":31,"href":"https:\/\/martinwolf.ch\/en\/wp-json\/wp\/v2\/pages\/544\/revisions"}],"predecessor-version":[{"id":1955,"href":"https:\/\/martinwolf.ch\/en\/wp-json\/wp\/v2\/pages\/544\/revisions\/1955"}],"wp:attachment":[{"href":"https:\/\/martinwolf.ch\/en\/wp-json\/wp\/v2\/media?parent=544"}],"curies":[{"name":"wp","href":"https:\/\/api.w.org\/{rel}","templated":true}]}}